{"id":16826,"date":"2020-08-11T10:52:17","date_gmt":"2020-08-11T10:52:17","guid":{"rendered":"https:\/\/alteugust.com\/projectes-sao\/"},"modified":"2023-02-11T21:56:41","modified_gmt":"2023-02-11T21:56:41","slug":"projectes-sao","status":"publish","type":"page","link":"https:\/\/alteugust.com\/en\/projectes-sao\/","title":{"rendered":"Sa\u00f3 projects"},"content":{"rendered":"\t\t<div data-elementor-type=\"wp-page\" data-elementor-id=\"16826\" class=\"elementor elementor-16826 elementor-26\" data-elementor-post-type=\"page\">\n\t\t\t\t\t\t<section data-particle_enable=\"false\" data-particle-mobile-disabled=\"false\" class=\"elementor-section elementor-top-section elementor-element elementor-element-2749324f elementor-section-stretched elementor-section-full_width elementor-section-height-default elementor-section-height-default\" data-id=\"2749324f\" data-element_type=\"section\" data-settings=\"{&quot;stretch_section&quot;:&quot;section-stretched&quot;}\">\n\t\t\t\t\t\t<div class=\"elementor-container elementor-column-gap-no\">\n\t\t\t\t\t<div class=\"elementor-column elementor-col-100 elementor-top-column elementor-element elementor-element-6cf5dc7a\" data-id=\"6cf5dc7a\" data-element_type=\"column\">\n\t\t\t<div class=\"elementor-widget-wrap elementor-element-populated\">\n\t\t\t\t\t\t<div class=\"elementor-element elementor-element-15bce6a2 elementor--h-position-center elementor--v-position-middle elementor-arrows-position-inside elementor-pagination-position-inside elementor-widget elementor-widget-slides\" data-id=\"15bce6a2\" data-element_type=\"widget\" data-settings=\"{&quot;navigation&quot;:&quot;both&quot;,&quot;autoplay&quot;:&quot;yes&quot;,&quot;pause_on_hover&quot;:&quot;yes&quot;,&quot;pause_on_interaction&quot;:&quot;yes&quot;,&quot;autoplay_speed&quot;:5000,&quot;infinite&quot;:&quot;yes&quot;,&quot;transition&quot;:&quot;slide&quot;,&quot;transition_speed&quot;:500}\" data-widget_type=\"slides.default\">\n\t\t\t\t<div class=\"elementor-widget-container\">\n\t\t\t\t\t\t\t\t\t<div class=\"elementor-swiper\">\n\t\t\t\t\t<div class=\"elementor-slides-wrapper elementor-main-swiper swiper\" role=\"region\" aria-roledescription=\"carousel\" aria-label=\"Slides\" dir=\"ltr\" data-animation=\"fadeInUp\">\n\t\t\t\t<div class=\"swiper-wrapper elementor-slides\">\n\t\t\t\t\t\t\t\t\t\t<div class=\"elementor-repeater-item-f0459fd swiper-slide\" role=\"group\" aria-roledescription=\"slide\"><div class=\"swiper-slide-bg elementor-ken-burns elementor-ken-burns--in\" role=\"img\"><\/div><div class=\"elementor-background-overlay\"><\/div><div class=\"swiper-slide-inner\" ><div class=\"swiper-slide-contents\"><div class=\"elementor-slide-heading\">Sa\u00f3 projects<\/div><\/div><\/div><\/div>\t\t\t\t<\/div>\n\t\t\t\t\t\t\t<\/div>\n\t\t\t\t<\/div>\n\t\t\t\t\t\t\t\t<\/div>\n\t\t\t\t<\/div>\n\t\t\t\t\t<\/div>\n\t\t<\/div>\n\t\t\t\t\t<\/div>\n\t\t<\/section>\n\t\t\t\t<section data-particle_enable=\"false\" data-particle-mobile-disabled=\"false\" class=\"elementor-section elementor-top-section elementor-element elementor-element-45e2bbf elementor-section-boxed elementor-section-height-default elementor-section-height-default\" data-id=\"45e2bbf\" data-element_type=\"section\">\n\t\t\t\t\t\t<div class=\"elementor-container elementor-column-gap-default\">\n\t\t\t\t\t<div class=\"elementor-column elementor-col-100 elementor-top-column elementor-element elementor-element-3b2fb7b8\" data-id=\"3b2fb7b8\" data-element_type=\"column\">\n\t\t\t<div class=\"elementor-widget-wrap elementor-element-populated\">\n\t\t\t\t\t\t<div class=\"elementor-element elementor-element-6cf76a7 elementor-widget elementor-widget-spacer\" data-id=\"6cf76a7\" data-element_type=\"widget\" data-widget_type=\"spacer.default\">\n\t\t\t\t<div class=\"elementor-widget-container\">\n\t\t\t\t\t\t\t<div class=\"elementor-spacer\">\n\t\t\t<div class=\"elementor-spacer-inner\"><\/div>\n\t\t<\/div>\n\t\t\t\t\t\t<\/div>\n\t\t\t\t<\/div>\n\t\t\t\t\t<\/div>\n\t\t<\/div>\n\t\t\t\t\t<\/div>\n\t\t<\/section>\n\t\t\t\t<section data-particle_enable=\"false\" data-particle-mobile-disabled=\"false\" class=\"elementor-section elementor-top-section elementor-element elementor-element-31eaf20c elementor-section-boxed elementor-section-height-default elementor-section-height-default\" data-id=\"31eaf20c\" data-element_type=\"section\">\n\t\t\t\t\t\t<div class=\"elementor-container elementor-column-gap-default\">\n\t\t\t\t\t<div class=\"elementor-column elementor-col-100 elementor-top-column elementor-element elementor-element-7bc7ea\" data-id=\"7bc7ea\" data-element_type=\"column\">\n\t\t\t<div class=\"elementor-widget-wrap elementor-element-populated\">\n\t\t\t\t\t\t<div class=\"elementor-element elementor-element-4cf21e4 elementor-widget-divider--view-line elementor-widget elementor-widget-divider\" data-id=\"4cf21e4\" data-element_type=\"widget\" data-widget_type=\"divider.default\">\n\t\t\t\t<div class=\"elementor-widget-container\">\n\t\t\t\t\t\t\t<div class=\"elementor-divider\">\n\t\t\t<span class=\"elementor-divider-separator\">\n\t\t\t\t\t\t<\/span>\n\t\t<\/div>\n\t\t\t\t\t\t<\/div>\n\t\t\t\t<\/div>\n\t\t\t\t<div class=\"elementor-element elementor-element-5ddefa1c elementor-widget elementor-widget-heading\" data-id=\"5ddefa1c\" data-element_type=\"widget\" data-widget_type=\"heading.default\">\n\t\t\t\t<div class=\"elementor-widget-container\">\n\t\t\t\t\t<h2 class=\"elementor-heading-title elementor-size-default\">Sa\u00f3 projects<\/h2>\t\t\t\t<\/div>\n\t\t\t\t<\/div>\n\t\t\t\t<div class=\"elementor-element elementor-element-358ffc3 elementor-widget elementor-widget-text-editor\" data-id=\"358ffc3\" data-element_type=\"widget\" data-widget_type=\"text-editor.default\">\n\t\t\t\t<div class=\"elementor-widget-container\">\n\t\t\t\t\t\t\t\t\t<p>Proposals for all audiences to discover the best of the gastronomy of the Pallars&#8230; from the Pallars!<\/p>\n\t\t\t\t\t\t\t\t<\/div>\n\t\t\t\t<\/div>\n\t\t\t\t\t<\/div>\n\t\t<\/div>\n\t\t\t\t\t<\/div>\n\t\t<\/section>\n\t\t\t\t<section data-particle_enable=\"false\" data-particle-mobile-disabled=\"false\" class=\"elementor-section elementor-top-section elementor-element elementor-element-41af4345 elementor-section-boxed elementor-section-height-default elementor-section-height-default\" data-id=\"41af4345\" data-element_type=\"section\">\n\t\t\t\t\t\t<div class=\"elementor-container elementor-column-gap-default\">\n\t\t\t\t\t<div class=\"elementor-column elementor-col-100 elementor-top-column elementor-element elementor-element-70425a12\" data-id=\"70425a12\" data-element_type=\"column\">\n\t\t\t<div class=\"elementor-widget-wrap elementor-element-populated\">\n\t\t\t\t\t\t<div class=\"elementor-element elementor-element-059dff7 elementor-widget elementor-widget-image\" data-id=\"059dff7\" data-element_type=\"widget\" data-widget_type=\"image.default\">\n\t\t\t\t<div class=\"elementor-widget-container\">\n\t\t\t\t\t\t\t\t\t\t\t\t\t\t\t\t<a href=\"https:\/\/alteugust.com\/pallars-terra-de-corder\/\">\n\t\t\t\t\t\t\t<img decoding=\"async\" src=\"https:\/\/alteugust.com\/wp-content\/uploads\/elementor\/thumbs\/corder1-1-scaled-pb5xkz95pvqu7ksiifp15t93b1h55wf2dsbz7hpsyg.jpg\" title=\"corder1\" alt=\"corder1\" loading=\"lazy\" \/>\t\t\t\t\t\t\t\t<\/a>\n\t\t\t\t\t\t\t\t\t\t\t\t\t\t\t<\/div>\n\t\t\t\t<\/div>\n\t\t\t\t<div class=\"elementor-element elementor-element-02b4f3b elementor-widget elementor-widget-image\" data-id=\"02b4f3b\" data-element_type=\"widget\" data-widget_type=\"image.default\">\n\t\t\t\t<div class=\"elementor-widget-container\">\n\t\t\t\t\t\t\t\t\t\t\t\t\t\t\t\t<a href=\"https:\/\/alteugust.com\/cordevi\/\">\n\t\t\t\t\t\t\t<img decoding=\"async\" src=\"https:\/\/alteugust.com\/wp-content\/uploads\/elementor\/thumbs\/cordevi-baner-SAO-scaled-pb5yv384zav7qxtb9d86h6d4di7crdh1e0fgq5cjq0.jpg\" title=\"cordevi-baner-SAO\" alt=\"cordevi-baner-SAO\" loading=\"lazy\" \/>\t\t\t\t\t\t\t\t<\/a>\n\t\t\t\t\t\t\t\t\t\t\t\t\t\t\t<\/div>\n\t\t\t\t<\/div>\n\t\t\t\t<div class=\"elementor-element elementor-element-47dc7db elementor-widget elementor-widget-image\" data-id=\"47dc7db\" data-element_type=\"widget\" data-widget_type=\"image.default\">\n\t\t\t\t<div class=\"elementor-widget-container\">\n\t\t\t\t\t\t\t\t\t\t\t\t\t\t\t\t<a href=\"https:\/\/alteugust.com\/canal-girella\/\">\n\t\t\t\t\t\t\t<img decoding=\"async\" src=\"https:\/\/alteugust.com\/wp-content\/uploads\/elementor\/thumbs\/canal-girella-baner-SAO-scaled-pb62c4p84w1e7i6o3x0io4fl7rw5puvkwwns09y5zs.jpg\" title=\"canal-girella-baner-SAO\" alt=\"canal-girella-baner-SAO\" loading=\"lazy\" \/>\t\t\t\t\t\t\t\t<\/a>\n\t\t\t\t\t\t\t\t\t\t\t\t\t\t\t<\/div>\n\t\t\t\t<\/div>\n\t\t\t\t\t<\/div>\n\t\t<\/div>\n\t\t\t\t\t<\/div>\n\t\t<\/section>\n\t\t\t\t<section data-particle_enable=\"false\" data-particle-mobile-disabled=\"false\" class=\"elementor-section elementor-top-section elementor-element elementor-element-5e62beb5 elementor-section-boxed elementor-section-height-default elementor-section-height-default\" data-id=\"5e62beb5\" data-element_type=\"section\">\n\t\t\t\t\t\t<div class=\"elementor-container elementor-column-gap-default\">\n\t\t\t\t\t<div class=\"elementor-column elementor-col-100 elementor-top-column elementor-element elementor-element-5298162d\" data-id=\"5298162d\" data-element_type=\"column\">\n\t\t\t<div class=\"elementor-widget-wrap elementor-element-populated\">\n\t\t\t\t\t\t<div class=\"elementor-element elementor-element-28ebba0d elementor-widget elementor-widget-spacer\" data-id=\"28ebba0d\" data-element_type=\"widget\" data-widget_type=\"spacer.default\">\n\t\t\t\t<div class=\"elementor-widget-container\">\n\t\t\t\t\t\t\t<div class=\"elementor-spacer\">\n\t\t\t<div class=\"elementor-spacer-inner\"><\/div>\n\t\t<\/div>\n\t\t\t\t\t\t<\/div>\n\t\t\t\t<\/div>\n\t\t\t\t<div class=\"elementor-element elementor-element-56622358 elementor-widget-divider--view-line elementor-widget elementor-widget-divider\" data-id=\"56622358\" data-element_type=\"widget\" data-widget_type=\"divider.default\">\n\t\t\t\t<div class=\"elementor-widget-container\">\n\t\t\t\t\t\t\t<div class=\"elementor-divider\">\n\t\t\t<span class=\"elementor-divider-separator\">\n\t\t\t\t\t\t<\/span>\n\t\t<\/div>\n\t\t\t\t\t\t<\/div>\n\t\t\t\t<\/div>\n\t\t\t\t\t<\/div>\n\t\t<\/div>\n\t\t\t\t\t<\/div>\n\t\t<\/section>\n\t\t\t\t<section data-particle_enable=\"false\" data-particle-mobile-disabled=\"false\" class=\"elementor-section elementor-top-section elementor-element elementor-element-bd9f6c0 elementor-section-boxed elementor-section-height-default elementor-section-height-default\" data-id=\"bd9f6c0\" data-element_type=\"section\">\n\t\t\t\t\t\t<div class=\"elementor-container elementor-column-gap-default\">\n\t\t\t\t\t<div class=\"elementor-column elementor-col-100 elementor-top-column elementor-element elementor-element-d325455\" data-id=\"d325455\" data-element_type=\"column\">\n\t\t\t<div class=\"elementor-widget-wrap elementor-element-populated\">\n\t\t\t\t\t\t<div class=\"elementor-element elementor-element-09576ac elementor-widget elementor-widget-text-editor\" data-id=\"09576ac\" data-element_type=\"widget\" data-widget_type=\"text-editor.default\">\n\t\t\t\t<div class=\"elementor-widget-container\">\n\t\t\t\t\t\t\t\t\t<h3 style=\"font-size: 1.66667rem; font-style: normal; text-transform: none; background-color: #f0f0f0;\">Activities <\/h3>\n<div><span style=\"font-size: 15px; font-style: normal; font-weight: 400; background-color: #f0f0f0;\">\n\n\n<div id=\"wpv-view-layout-12647\" class=\"js-wpv-view-layout js-wpv-layout-responsive js-wpv-view-layout-12647\" data-viewnumber=\"12647\" data-pagination=\"{&quot;id&quot;:12647,&quot;query&quot;:&quot;normal&quot;,&quot;type&quot;:&quot;disabled&quot;,&quot;effect&quot;:&quot;fade&quot;,&quot;duration&quot;:500,&quot;speed&quot;:5,&quot;pause_on_hover&quot;:&quot;disabled&quot;,&quot;stop_rollover&quot;:&quot;false&quot;,&quot;cache_pages&quot;:&quot;enabled&quot;,&quot;preload_images&quot;:&quot;enabled&quot;,&quot;preload_pages&quot;:&quot;enabled&quot;,&quot;preload_reach&quot;:1,&quot;spinner&quot;:&quot;builtin&quot;,&quot;spinner_image&quot;:&quot;https:\/\/alteugust.com\/web\/wp-content\/plugins\/wp-views\/embedded\/res\/img\/ajax-loader.gif&quot;,&quot;callback_next&quot;:&quot;&quot;,&quot;manage_history&quot;:&quot;enabled&quot;,&quot;has_controls_in_form&quot;:&quot;disabled&quot;,&quot;infinite_tolerance&quot;:&quot;0&quot;,&quot;max_pages&quot;:0,&quot;page&quot;:1,&quot;base_permalink&quot;:&quot;\/en\/wp-json\/wp\/v2\/pages\/16826?wpv_view_count=12647&amp;wpv_paged=WPV_PAGE_NUM&quot;,&quot;loop&quot;:{&quot;type&quot;:&quot;&quot;,&quot;name&quot;:&quot;&quot;,&quot;data&quot;:[],&quot;id&quot;:0}}\" data-permalink=\"\/en\/wp-json\/wp\/v2\/pages\/16826?wpv_view_count=12647\">\n\n\t\n\t\n\t\t<strong>NO HI HA ACTIVITATS PROGRAMADES<\/strong>\n\t\n<\/div>\n<\/span><\/div>\n\t\t\t\t\t\t\t\t<\/div>\n\t\t\t\t<\/div>\n\t\t\t\t\t<\/div>\n\t\t<\/div>\n\t\t\t\t\t<\/div>\n\t\t<\/section>\n\t\t\t\t<section data-particle_enable=\"false\" data-particle-mobile-disabled=\"false\" class=\"elementor-section elementor-top-section elementor-element elementor-element-9155aba elementor-section-boxed elementor-section-height-default elementor-section-height-default\" data-id=\"9155aba\" data-element_type=\"section\">\n\t\t\t\t\t\t<div class=\"elementor-container elementor-column-gap-default\">\n\t\t\t\t\t<div class=\"elementor-column elementor-col-100 elementor-top-column elementor-element elementor-element-a1702aa\" data-id=\"a1702aa\" data-element_type=\"column\">\n\t\t\t<div class=\"elementor-widget-wrap elementor-element-populated\">\n\t\t\t\t\t\t<div class=\"elementor-element elementor-element-e8c3cfb elementor-widget elementor-widget-spacer\" data-id=\"e8c3cfb\" data-element_type=\"widget\" data-widget_type=\"spacer.default\">\n\t\t\t\t<div class=\"elementor-widget-container\">\n\t\t\t\t\t\t\t<div class=\"elementor-spacer\">\n\t\t\t<div class=\"elementor-spacer-inner\"><\/div>\n\t\t<\/div>\n\t\t\t\t\t\t<\/div>\n\t\t\t\t<\/div>\n\t\t\t\t\t<\/div>\n\t\t<\/div>\n\t\t\t\t\t<\/div>\n\t\t<\/section>\n\t\t\t\t<\/div>\n\t\t","protected":false},"excerpt":{"rendered":"<p>Projectes Sa\u00f3 Projectes Sa\u00f3 Propostes per a tots els p\u00fablics per con\u00e8ixer el millor de\u00a0 [&hellip;]<\/p>\n","protected":false},"author":1,"featured_media":0,"parent":0,"menu_order":0,"comment_status":"closed","ping_status":"closed","template":"","meta":{"site-sidebar-layout":"no-sidebar","site-content-layout":"page-builder","ast-site-content-layout":"default","site-content-style":"default","site-sidebar-style":"default","ast-global-header-display":"","ast-banner-title-visibility":"","ast-main-header-display":"","ast-hfb-above-header-display":"","ast-hfb-below-header-display":"","ast-hfb-mobile-header-display":"","site-post-title":"disabled","ast-breadcrumbs-content":"","ast-featured-img":"disabled","footer-sml-layout":"","ast-disable-related-posts":"","theme-transparent-header-meta":"enabled","adv-header-id-meta":"","stick-header-meta":"default","header-above-stick-meta":"","header-main-stick-meta":"","header-below-stick-meta":"","astra-migrate-meta-layouts":"default","ast-page-background-enabled":"default","ast-page-background-meta":{"desktop":{"background-color":"","background-image":"","background-repeat":"repeat","background-position":"center center","background-size":"auto","background-attachment":"scroll","background-type":"","background-media":"","overlay-type":"","overlay-color":"","overlay-opacity":"","overlay-gradient":""},"tablet":{"background-color":"","background-image":"","background-repeat":"repeat","background-position":"center center","background-size":"auto","background-attachment":"scroll","background-type":"","background-media":"","overlay-type":"","overlay-color":"","overlay-opacity":"","overlay-gradient":""},"mobile":{"background-color":"","background-image":"","background-repeat":"repeat","background-position":"center center","background-size":"auto","background-attachment":"scroll","background-type":"","background-media":"","overlay-type":"","overlay-color":"","overlay-opacity":"","overlay-gradient":""}},"ast-content-background-meta":{"desktop":{"background-color":"var(--ast-global-color-5)","background-image":"","background-repeat":"repeat","background-position":"center center","background-size":"auto","background-attachment":"scroll","background-type":"","background-media":"","overlay-type":"","overlay-color":"","overlay-opacity":"","overlay-gradient":""},"tablet":{"background-color":"var(--ast-global-color-5)","background-image":"","background-repeat":"repeat","background-position":"center center","background-size":"auto","background-attachment":"scroll","background-type":"","background-media":"","overlay-type":"","overlay-color":"","overlay-opacity":"","overlay-gradient":""},"mobile":{"background-color":"var(--ast-global-color-5)","background-image":"","background-repeat":"repeat","background-position":"center center","background-size":"auto","background-attachment":"scroll","background-type":"","background-media":"","overlay-type":"","overlay-color":"","overlay-opacity":"","overlay-gradient":""}},"footnotes":""},"class_list":["post-16826","page","type-page","status-publish","hentry"],"yoast_head":"<!-- This site is optimized with the Yoast SEO plugin v26.8 - https:\/\/yoast.com\/product\/yoast-seo-wordpress\/ -->\n<title>Sa\u00f3 projects - Program Al Teu Gust<\/title>\n<meta name=\"robots\" content=\"index, follow, max-snippet:-1, max-image-preview:large, max-video-preview:-1\" \/>\n<link rel=\"canonical\" href=\"https:\/\/alteugust.com\/projectes-sao\/\" \/>\n<meta property=\"og:locale\" content=\"en_US\" \/>\n<meta property=\"og:type\" content=\"article\" \/>\n<meta property=\"og:title\" content=\"Sa\u00f3 projects - Program Al Teu Gust\" \/>\n<meta property=\"og:description\" content=\"Projectes Sa\u00f3 Projectes Sa\u00f3 Propostes per a tots els p\u00fablics per con\u00e8ixer el millor de\u00a0 [&hellip;]\" \/>\n<meta property=\"og:url\" content=\"https:\/\/alteugust.com\/projectes-sao\/\" \/>\n<meta property=\"og:site_name\" content=\"Program Al Teu Gust\" \/>\n<meta property=\"article:publisher\" content=\"https:\/\/www.facebook.com\/atgpallars\" \/>\n<meta property=\"article:modified_time\" content=\"2023-02-11T21:56:41+00:00\" \/>\n<meta property=\"og:image\" content=\"https:\/\/alteugust.com\/wp-content\/uploads\/elementor\/thumbs\/corder1-1-scaled-pb5xkz95pvqu7ksiifp15t93b1h55wf2dsbz7hpsyg.jpg\" \/>\n<meta name=\"twitter:card\" content=\"summary_large_image\" \/>\n<meta name=\"twitter:site\" content=\"@atgpallars\" \/>\n<meta name=\"twitter:label1\" content=\"Est. reading time\" \/>\n\t<meta name=\"twitter:data1\" content=\"1 minute\" \/>\n<script type=\"application\/ld+json\" class=\"yoast-schema-graph\">{\"@context\":\"https:\/\/schema.org\",\"@graph\":[{\"@type\":\"WebPage\",\"@id\":\"https:\/\/alteugust.com\/projectes-sao\/\",\"url\":\"https:\/\/alteugust.com\/projectes-sao\/\",\"name\":\"Sa\u00f3 projects - Program Al Teu Gust\",\"isPartOf\":{\"@id\":\"https:\/\/alteugust.com\/#website\"},\"primaryImageOfPage\":{\"@id\":\"https:\/\/alteugust.com\/projectes-sao\/#primaryimage\"},\"image\":{\"@id\":\"https:\/\/alteugust.com\/projectes-sao\/#primaryimage\"},\"thumbnailUrl\":\"https:\/\/alteugust.com\/wp-content\/uploads\/elementor\/thumbs\/corder1-1-scaled-pb5xkz95pvqu7ksiifp15t93b1h55wf2dsbz7hpsyg.jpg\",\"datePublished\":\"2020-08-11T10:52:17+00:00\",\"dateModified\":\"2023-02-11T21:56:41+00:00\",\"breadcrumb\":{\"@id\":\"https:\/\/alteugust.com\/projectes-sao\/#breadcrumb\"},\"inLanguage\":\"en-US\",\"potentialAction\":[{\"@type\":\"ReadAction\",\"target\":[\"https:\/\/alteugust.com\/projectes-sao\/\"]}]},{\"@type\":\"ImageObject\",\"inLanguage\":\"en-US\",\"@id\":\"https:\/\/alteugust.com\/projectes-sao\/#primaryimage\",\"url\":\"https:\/\/alteugust.com\/wp-content\/uploads\/elementor\/thumbs\/corder1-1-scaled-pb5xkz95pvqu7ksiifp15t93b1h55wf2dsbz7hpsyg.jpg\",\"contentUrl\":\"https:\/\/alteugust.com\/wp-content\/uploads\/elementor\/thumbs\/corder1-1-scaled-pb5xkz95pvqu7ksiifp15t93b1h55wf2dsbz7hpsyg.jpg\"},{\"@type\":\"BreadcrumbList\",\"@id\":\"https:\/\/alteugust.com\/projectes-sao\/#breadcrumb\",\"itemListElement\":[{\"@type\":\"ListItem\",\"position\":1,\"name\":\"Home\",\"item\":\"https:\/\/alteugust.com\/\"},{\"@type\":\"ListItem\",\"position\":2,\"name\":\"Sa\u00f3 projects\"}]},{\"@type\":\"WebSite\",\"@id\":\"https:\/\/alteugust.com\/#website\",\"url\":\"https:\/\/alteugust.com\/\",\"name\":\"Program Al Teu Gust\",\"description\":\"Un programa de dinamitzaci\u00f3 i suport al sector agroalimentari del Pallars Juss\u00e0\",\"publisher\":{\"@id\":\"https:\/\/alteugust.com\/#organization\"},\"potentialAction\":[{\"@type\":\"SearchAction\",\"target\":{\"@type\":\"EntryPoint\",\"urlTemplate\":\"https:\/\/alteugust.com\/?s={search_term_string}\"},\"query-input\":{\"@type\":\"PropertyValueSpecification\",\"valueRequired\":true,\"valueName\":\"search_term_string\"}}],\"inLanguage\":\"en-US\"},{\"@type\":\"Organization\",\"@id\":\"https:\/\/alteugust.com\/#organization\",\"name\":\"Program Al Teu Gust\",\"url\":\"https:\/\/alteugust.com\/\",\"logo\":{\"@type\":\"ImageObject\",\"inLanguage\":\"en-US\",\"@id\":\"https:\/\/alteugust.com\/#\/schema\/logo\/image\/\",\"url\":\"https:\/\/alteugust.com\/wp-content\/uploads\/2020\/08\/cropped-alteugust-final-09.png\",\"contentUrl\":\"https:\/\/alteugust.com\/wp-content\/uploads\/2020\/08\/cropped-alteugust-final-09.png\",\"width\":512,\"height\":512,\"caption\":\"Program Al Teu Gust\"},\"image\":{\"@id\":\"https:\/\/alteugust.com\/#\/schema\/logo\/image\/\"},\"sameAs\":[\"https:\/\/www.facebook.com\/atgpallars\",\"https:\/\/x.com\/atgpallars\",\"https:\/\/www.instagram.com\/atgpallars\/\",\"https:\/\/www.youtube.com\/channel\/UCvDh6J5Lg6Z-33oDCkVlJKw\"]}]}<\/script>\n<!-- \/ Yoast SEO plugin. -->","yoast_head_json":{"title":"Sa\u00f3 projects - Program Al Teu Gust","robots":{"index":"index","follow":"follow","max-snippet":"max-snippet:-1","max-image-preview":"max-image-preview:large","max-video-preview":"max-video-preview:-1"},"canonical":"https:\/\/alteugust.com\/projectes-sao\/","og_locale":"en_US","og_type":"article","og_title":"Sa\u00f3 projects - Program Al Teu Gust","og_description":"Projectes Sa\u00f3 Projectes Sa\u00f3 Propostes per a tots els p\u00fablics per con\u00e8ixer el millor de\u00a0 [&hellip;]","og_url":"https:\/\/alteugust.com\/projectes-sao\/","og_site_name":"Program Al Teu Gust","article_publisher":"https:\/\/www.facebook.com\/atgpallars","article_modified_time":"2023-02-11T21:56:41+00:00","og_image":[{"url":"https:\/\/alteugust.com\/wp-content\/uploads\/elementor\/thumbs\/corder1-1-scaled-pb5xkz95pvqu7ksiifp15t93b1h55wf2dsbz7hpsyg.jpg","type":"","width":"","height":""}],"twitter_card":"summary_large_image","twitter_site":"@atgpallars","twitter_misc":{"Est. reading time":"1 minute"},"schema":{"@context":"https:\/\/schema.org","@graph":[{"@type":"WebPage","@id":"https:\/\/alteugust.com\/projectes-sao\/","url":"https:\/\/alteugust.com\/projectes-sao\/","name":"Sa\u00f3 projects - Program Al Teu Gust","isPartOf":{"@id":"https:\/\/alteugust.com\/#website"},"primaryImageOfPage":{"@id":"https:\/\/alteugust.com\/projectes-sao\/#primaryimage"},"image":{"@id":"https:\/\/alteugust.com\/projectes-sao\/#primaryimage"},"thumbnailUrl":"https:\/\/alteugust.com\/wp-content\/uploads\/elementor\/thumbs\/corder1-1-scaled-pb5xkz95pvqu7ksiifp15t93b1h55wf2dsbz7hpsyg.jpg","datePublished":"2020-08-11T10:52:17+00:00","dateModified":"2023-02-11T21:56:41+00:00","breadcrumb":{"@id":"https:\/\/alteugust.com\/projectes-sao\/#breadcrumb"},"inLanguage":"en-US","potentialAction":[{"@type":"ReadAction","target":["https:\/\/alteugust.com\/projectes-sao\/"]}]},{"@type":"ImageObject","inLanguage":"en-US","@id":"https:\/\/alteugust.com\/projectes-sao\/#primaryimage","url":"https:\/\/alteugust.com\/wp-content\/uploads\/elementor\/thumbs\/corder1-1-scaled-pb5xkz95pvqu7ksiifp15t93b1h55wf2dsbz7hpsyg.jpg","contentUrl":"https:\/\/alteugust.com\/wp-content\/uploads\/elementor\/thumbs\/corder1-1-scaled-pb5xkz95pvqu7ksiifp15t93b1h55wf2dsbz7hpsyg.jpg"},{"@type":"BreadcrumbList","@id":"https:\/\/alteugust.com\/projectes-sao\/#breadcrumb","itemListElement":[{"@type":"ListItem","position":1,"name":"Home","item":"https:\/\/alteugust.com\/"},{"@type":"ListItem","position":2,"name":"Sa\u00f3 projects"}]},{"@type":"WebSite","@id":"https:\/\/alteugust.com\/#website","url":"https:\/\/alteugust.com\/","name":"Program Al Teu Gust","description":"Un programa de dinamitzaci\u00f3 i suport al sector agroalimentari del Pallars Juss\u00e0","publisher":{"@id":"https:\/\/alteugust.com\/#organization"},"potentialAction":[{"@type":"SearchAction","target":{"@type":"EntryPoint","urlTemplate":"https:\/\/alteugust.com\/?s={search_term_string}"},"query-input":{"@type":"PropertyValueSpecification","valueRequired":true,"valueName":"search_term_string"}}],"inLanguage":"en-US"},{"@type":"Organization","@id":"https:\/\/alteugust.com\/#organization","name":"Program Al Teu Gust","url":"https:\/\/alteugust.com\/","logo":{"@type":"ImageObject","inLanguage":"en-US","@id":"https:\/\/alteugust.com\/#\/schema\/logo\/image\/","url":"https:\/\/alteugust.com\/wp-content\/uploads\/2020\/08\/cropped-alteugust-final-09.png","contentUrl":"https:\/\/alteugust.com\/wp-content\/uploads\/2020\/08\/cropped-alteugust-final-09.png","width":512,"height":512,"caption":"Program Al Teu Gust"},"image":{"@id":"https:\/\/alteugust.com\/#\/schema\/logo\/image\/"},"sameAs":["https:\/\/www.facebook.com\/atgpallars","https:\/\/x.com\/atgpallars","https:\/\/www.instagram.com\/atgpallars\/","https:\/\/www.youtube.com\/channel\/UCvDh6J5Lg6Z-33oDCkVlJKw"]}]}},"_links":{"self":[{"href":"https:\/\/alteugust.com\/en\/wp-json\/wp\/v2\/pages\/16826","targetHints":{"allow":["GET"]}}],"collection":[{"href":"https:\/\/alteugust.com\/en\/wp-json\/wp\/v2\/pages"}],"about":[{"href":"https:\/\/alteugust.com\/en\/wp-json\/wp\/v2\/types\/page"}],"author":[{"embeddable":true,"href":"https:\/\/alteugust.com\/en\/wp-json\/wp\/v2\/users\/1"}],"replies":[{"embeddable":true,"href":"https:\/\/alteugust.com\/en\/wp-json\/wp\/v2\/comments?post=16826"}],"version-history":[{"count":4,"href":"https:\/\/alteugust.com\/en\/wp-json\/wp\/v2\/pages\/16826\/revisions"}],"predecessor-version":[{"id":16830,"href":"https:\/\/alteugust.com\/en\/wp-json\/wp\/v2\/pages\/16826\/revisions\/16830"}],"wp:attachment":[{"href":"https:\/\/alteugust.com\/en\/wp-json\/wp\/v2\/media?parent=16826"}],"curies":[{"name":"wp","href":"https:\/\/api.w.org\/{rel}","templated":true}]}}